{"id":85,"date":"2019-06-08T20:01:16","date_gmt":"2019-06-08T20:01:16","guid":{"rendered":"http:\/\/schule-am-moenchshof.de\/?page_id=85"},"modified":"2026-05-04T09:27:51","modified_gmt":"2026-05-04T07:27:51","slug":"aktuelles","status":"publish","type":"page","link":"https:\/\/schule-am-moenchshof.de\/?page_id=85","title":{"rendered":"Aktuelles"},"content":{"rendered":"\n<h2 class=\"wp-block-heading\">Aktuelles<\/h2>\n\n\n\n<p>An dieser Stelle weisen wir auf Neuigkeiten aus unserer Schule hin. <\/p>\n\n\n\n<hr class=\"wp-block-separator has-css-opacity\"\/>\n\n\n\n<h3 class=\"wp-block-heading\">Termine Schuljahr 2025\/2026 (2. Halbjahr)<\/h3>\n\n\n\n<p>06.05.2026 Willkommensnachmittag f\u00fcr unsere zuk\u00fcnftigen Schulkinder (Schuljahr 26\/27), 15:00 Uhr<br>19.05.2026 Sportfest &#8222;Pellens Park&#8220;\/&#8220;fittie&#8220;<br>22.05.2026 Sportfest &#8222;Pellens Park&#8220;\/&#8220;fittie&#8220;<br>04.06.2026 Schulfest mit Spendenlauf f\u00fcr &#8222;unser&#8220; Kinderheim in Haiti<br>22.06.2026 Elternabend f\u00fcr die zuk\u00fcnftigen 1. Klassen (Schuljahr 26\/27), 19:30 Uhr<br>24.06.2026 Zeugniskonferenzen ab 13:30 Uhr<br>30.06.2026 Flohmarkt der 4. Klassen ab 11:45 Uhr, Eltern sind ab 12:30 Uhr willkommen<br>01.07.2026 letzter Schultag, Verabschiedung der 4. Klassen, Zeugnisausgabe (Schulschluss 11:45 Uhr)<\/p>\n\n\n\n<div class=\"wp-block-columns is-layout-flex wp-container-core-columns-is-layout-9d6595d7 wp-block-columns-is-layout-flex\">\n<div class=\"wp-block-column is-vertically-aligned-top is-layout-flow wp-block-column-is-layout-flow\" style=\"flex-basis:100%\">\n<h3 class=\"wp-block-heading\">Ferien und Feiertage Schuljahr 2025\/2026<br>(Schule ist geschlossen)<\/h3>\n\n\n\n<p>02.02.2026 + 03.02.2026 Winterferien<br>23.03.2026 &#8211; 07.04.2026 Osterferien<br>15.05.2026 Tag nach Himmelfahrt<br>26.05.2026 Pfingsten<br>02.07.2027 &#8211; 12.08.2026 Sommerferien<\/p>\n<\/div>\n<\/div>\n\n\n\n<h3 class=\"wp-block-heading\">Allgemeine Informationen<\/h3>\n\n\n\n<p><a href=\"https:\/\/schule-am-moenchshof.de\/wp-content\/uploads\/2025\/06\/2025-06-23_Elternabend-zukuenftige-1.pdf\" data-type=\"link\" data-id=\"https:\/\/schule-am-moenchshof.de\/wp-content\/uploads\/2025\/06\/2025-06-23_Elternabend-zukuenftige-1.pdf\">Pr\u00e4sentation Elternabend zuk\u00fcnftige 1. Klassen 25\/26 (23.06.2025)<\/a><\/p>\n\n\n\n<p><a href=\"https:\/\/schule-am-moenchshof.de\/wp-content\/uploads\/2025\/10\/2025-01-06_Praesentation-4nach5_PB51-Burglesum_2025.pdf\" data-type=\"link\" data-id=\"https:\/\/schule-am-moenchshof.de\/wp-content\/uploads\/2025\/10\/2025-01-06_Praesentation-4nach5_PB51-Burglesum_2025.pdf\">Pr\u00e4sentation Elternabend 4 nach 5 26\/27 (06.10.2025)<\/a><\/p>\n","protected":false},"excerpt":{"rendered":"<p>Aktuelles An dieser Stelle weisen wir auf Neuigkeiten aus unserer Schule hin. Termine Schuljahr 2025\/2026 (2. Halbjahr) 06.05.2026 Willkommensnachmittag f\u00fcr unsere zuk\u00fcnftigen Schulkinder (Schuljahr 26\/27), 15:00 Uhr19.05.2026 Sportfest &#8222;Pellens Park&#8220;\/&#8220;fittie&#8220;22.05.2026 Sportfest &#8222;Pellens Park&#8220;\/&#8220;fittie&#8220;04.06.2026 Schulfest mit Spendenlauf f\u00fcr &#8222;unser&#8220; Kinderheim in Haiti22.06.2026 Elternabend f\u00fcr die zuk\u00fcnftigen 1. Klassen (Schuljahr 26\/27), 19:30 Uhr24.06.2026 Zeugniskonferenzen ab 13:30 Uhr30.06.2026 Flohmarkt der 4. Klassen ab 11:45 Uhr, Eltern sind ab 12:30 Uhr willkommen01.07.2026 letzter Schultag, Verabschiedung der 4. Klassen, Zeugnisausgabe (Schulschluss 11:45 Uhr) Ferien und Feiertage Schuljahr 2025\/2026(Schule ist geschlossen) 02.02.2026 + 03.02.2026 Winterferien23.03.2026 &#8211; 07.04.2026 Osterferien15.05.2026 Tag nach Himmelfahrt26.05.2026 Pfingsten02.07.2027 &#8211; 12.08.2026 Sommerferien Allgemeine Informationen Pr\u00e4sentation Elternabend zuk\u00fcnftige 1. Klassen 25\/26 (23.06.2025) Pr\u00e4sentation Elternabend 4 nach 5 26\/27 (06.10.2025)<\/p>\n","protected":false},"author":1,"featured_media":0,"parent":0,"menu_order":4,"comment_status":"closed","ping_status":"closed","template":"","meta":{"footnotes":""},"class_list":["post-85","page","type-page","status-publish"],"_links":{"self":[{"href":"https:\/\/schule-am-moenchshof.de\/index.php?rest_route=\/wp\/v2\/pages\/85","targetHints":{"allow":["GET"]}}],"collection":[{"href":"https:\/\/schule-am-moenchshof.de\/index.php?rest_route=\/wp\/v2\/pages"}],"about":[{"href":"https:\/\/schule-am-moenchshof.de\/index.php?rest_route=\/wp\/v2\/types\/page"}],"author":[{"embeddable":true,"href":"https:\/\/schule-am-moenchshof.de\/index.php?rest_route=\/wp\/v2\/users\/1"}],"replies":[{"embeddable":true,"href":"https:\/\/schule-am-moenchshof.de\/index.php?rest_route=%2Fwp%2Fv2%2Fcomments&post=85"}],"version-history":[{"count":56,"href":"https:\/\/schule-am-moenchshof.de\/index.php?rest_route=\/wp\/v2\/pages\/85\/revisions"}],"predecessor-version":[{"id":424,"href":"https:\/\/schule-am-moenchshof.de\/index.php?rest_route=\/wp\/v2\/pages\/85\/revisions\/424"}],"wp:attachment":[{"href":"https:\/\/schule-am-moenchshof.de\/index.php?rest_route=%2Fwp%2Fv2%2Fmedia&parent=85"}],"curies":[{"name":"wp","href":"https:\/\/api.w.org\/{rel}","templated":true}]}}