{"id":224,"date":"2019-10-19T21:20:54","date_gmt":"2019-10-19T19:20:54","guid":{"rendered":"https:\/\/schule-am-moenchshof.de\/?page_id=224"},"modified":"2025-10-08T18:07:53","modified_gmt":"2025-10-08T16:07:53","slug":"impressum","status":"publish","type":"page","link":"https:\/\/schule-am-moenchshof.de\/?page_id=224","title":{"rendered":"Impressum"},"content":{"rendered":"\n<h3 class=\"wp-block-heading\">Grundschule Am M\u00f6nchshof<\/h3>\n\n\n\n<h4 class=\"wp-block-heading\">Schulleitung<\/h4>\n\n\n\n<p>Christine Engelhaupt<br><em>Vertretung: <\/em><br>Frauke Hankel <br><br>Hindenburgstr. 33 A<br>28717 Bremen <br>Tel. 0421 361-7165<br>005@schulverwaltung.bremen.de<\/p>\n\n\n\n<hr class=\"wp-block-separator has-css-opacity\"\/>\n\n\n\n<h4 class=\"wp-block-heading\">Schultr\u00e4ger<\/h4>\n\n\n\n<p>Senator f\u00fcr Kinder und Bildung<br>Rembertiring 8-12<br>28195 Bremen<br>Tel. 0421 361-13222<\/p>\n\n\n\n<hr class=\"wp-block-separator has-css-opacity\"\/>\n\n\n\n<h4 class=\"wp-block-heading\">Gestaltung und Pflege der Homepage<\/h4>\n\n\n\n<p>Pflege: Kerstin Runge, Sekretariat der Schule Am M\u00f6nchshof <br>005@schulverwaltung.bremen.de <br>Gestaltung: Marian Thal<\/p>\n\n\n\n<hr class=\"wp-block-separator has-css-opacity\"\/>\n\n\n\n<p class=\"has-small-font-size\">Unser Angebot enth\u00e4lt evtl. Links zu externen Webseiten Dritter, f\u00fcr deren Inhalte der jeweilige Anbieter oder Betreiber verantwortlich ist. Zum Zeitpunkt der Verlinkung waren rechtswidrige Inhalte nicht erkennbar. Bei Bekanntwerden von Rechtsverletzungen werden wir derartige Links umgehend entfernen. <\/p>\n","protected":false},"excerpt":{"rendered":"<p>Grundschule Am M\u00f6nchshof Schulleitung Christine EngelhauptVertretung: Frauke Hankel Hindenburgstr. 33 A28717 Bremen Tel. 0421 361-7165005@schulverwaltung.bremen.de Schultr\u00e4ger Senator f\u00fcr Kinder und BildungRembertiring 8-1228195 BremenTel. 0421 361-13222 Gestaltung und Pflege der Homepage Pflege: Kerstin Runge, Sekretariat der Schule Am M\u00f6nchshof 005@schulverwaltung.bremen.de Gestaltung: Marian Thal Unser Angebot enth\u00e4lt evtl. Links zu externen Webseiten Dritter, f\u00fcr deren Inhalte der jeweilige Anbieter oder Betreiber verantwortlich ist. Zum Zeitpunkt der Verlinkung waren rechtswidrige Inhalte nicht erkennbar. Bei Bekanntwerden von Rechtsverletzungen werden wir derartige Links umgehend entfernen.<\/p>\n","protected":false},"author":1,"featured_media":0,"parent":127,"menu_order":1,"comment_status":"closed","ping_status":"closed","template":"","meta":{"footnotes":""},"class_list":["post-224","page","type-page","status-publish"],"_links":{"self":[{"href":"https:\/\/schule-am-moenchshof.de\/index.php?rest_route=\/wp\/v2\/pages\/224","targetHints":{"allow":["GET"]}}],"collection":[{"href":"https:\/\/schule-am-moenchshof.de\/index.php?rest_route=\/wp\/v2\/pages"}],"about":[{"href":"https:\/\/schule-am-moenchshof.de\/index.php?rest_route=\/wp\/v2\/types\/page"}],"author":[{"embeddable":true,"href":"https:\/\/schule-am-moenchshof.de\/index.php?rest_route=\/wp\/v2\/users\/1"}],"replies":[{"embeddable":true,"href":"https:\/\/schule-am-moenchshof.de\/index.php?rest_route=%2Fwp%2Fv2%2Fcomments&post=224"}],"version-history":[{"count":6,"href":"https:\/\/schule-am-moenchshof.de\/index.php?rest_route=\/wp\/v2\/pages\/224\/revisions"}],"predecessor-version":[{"id":413,"href":"https:\/\/schule-am-moenchshof.de\/index.php?rest_route=\/wp\/v2\/pages\/224\/revisions\/413"}],"up":[{"embeddable":true,"href":"https:\/\/schule-am-moenchshof.de\/index.php?rest_route=\/wp\/v2\/pages\/127"}],"wp:attachment":[{"href":"https:\/\/schule-am-moenchshof.de\/index.php?rest_route=%2Fwp%2Fv2%2Fmedia&parent=224"}],"curies":[{"name":"wp","href":"https:\/\/api.w.org\/{rel}","templated":true}]}}