{"id":17,"date":"2019-06-07T19:32:00","date_gmt":"2019-06-07T19:32:00","guid":{"rendered":"http:\/\/schule-am-moenchshof.de\/?page_id=17"},"modified":"2022-10-06T11:49:17","modified_gmt":"2022-10-06T09:49:17","slug":"unser-profil","status":"publish","type":"page","link":"https:\/\/schule-am-moenchshof.de\/?page_id=17","title":{"rendered":"Unser Profil"},"content":{"rendered":"\n<h3 class=\"wp-block-heading\">Sportangebote<\/h3>\n\n\n\n<p>Wir sind eine Schule mit Sportprofil und erhalten daf\u00fcr zus\u00e4tzliche finanzielle Unterst\u00fctzung. Die 3. Klassen fahren einmal in der Woche zum Schwimmunterricht ins Hallenbad Vegesack. F\u00fcr Bewegungsspiele gibt es Spielzeug von der Initiative \u201eFit for Fun\u201c von AOL. Einmal im Jahr organisieren wir in Zusammenarbeit mit der LG Nord und mit Unterst\u00fctzung der Eltern den Schulmehrkampf &#8222;Pellens Park&#8220; als Alternative zu den Bundesjugendspielen f\u00fcr alle Klassen. Alle Kinder werden ermuntert, ein Sportabzeichen zu erwerben. <\/p>\n\n\n\n<h3 class=\"wp-block-heading\">Ausstattung<\/h3>\n\n\n\n<p>Wir haben einen gut ausgestatteten Multimediaraum mit Internetzugang, damit Ihre Kinder fr\u00fchestm\u00f6glich die neuen Medien nicht nur als Spielger\u00e4t kennen und nutzen lernen. In den meisten Klassen steht ebenfalls ein PC, damit die Kinder im Rahmen des Wochenplans und der freien Arbeit gezielt daran arbeiten k\u00f6nnen.<\/p>\n\n\n\n<div class=\"wp-block-media-text alignwide is-stacked-on-mobile has-very-light-gray-background-color has-background\" style=\"grid-template-columns:21% auto\"><figure class=\"wp-block-media-text__media\"><img loading=\"lazy\" decoding=\"async\" width=\"276\" height=\"369\" src=\"https:\/\/schule-am-moenchshof.de\/wp-content\/uploads\/2019\/06\/Zaubergarten.jpg\" alt=\"\" class=\"wp-image-61 size-full\" srcset=\"https:\/\/schule-am-moenchshof.de\/wp-content\/uploads\/2019\/06\/Zaubergarten.jpg 276w, https:\/\/schule-am-moenchshof.de\/wp-content\/uploads\/2019\/06\/Zaubergarten-224x300.jpg 224w\" sizes=\"auto, (max-width: 276px) 100vw, 276px\" \/><\/figure><div class=\"wp-block-media-text__content\">\n<p class=\"has-drop-cap has-very-light-gray-background-color has-background\">Damit die Kinder in den Unterrichtspausen ansprechende Spielr\u00e4ume vorfinden, hat unsere Schulhofgruppe (eine Initiative von Eltern und  Lehrer:innen) zusammen mit den Kindern einen attraktiven Schulhof geplant und gestaltet. Unser Zaubergarten wird von Lehrer:innen und Kindern betreut und bietet eine Oase der Stille zum Lernen, Lesen und Tr\u00e4umen&#8230;   <\/p>\n<\/div><\/div>\n\n\n\n<h3 class=\"wp-block-heading\">Wettbewerbe<\/h3>\n\n\n\n<p>Auch Wettbewerbe geh\u00f6ren bei uns zum Schulalltag, z.B.: Mathematik-K\u00e4nguru-Wettbewerb, Mathe-Olympiade, Grundschulmeisterschaften Fu\u00dfball, \u201eFeuer und Flamme\u201c von Arcelor-Mittal uvm.<\/p>\n\n\n\n<h3 class=\"wp-block-heading\">Neben der Schulzeit<\/h3>\n\n\n\n<p>Wir fahren mit unseren Sch\u00fcler:innen regelm\u00e4\u00dfig in die Bremer Schullandheime. Denn gemeinsame Aktivit\u00e4ten st\u00e4rken das Gruppengef\u00fcge der Klasse. Wir organisieren Projektwochen, Schul\u00fcbernachtungen und feiern Schulfeste mit Attraktionen f\u00fcr die Kinder. Zudem veranstalten wir jedes Jahr Weihnachtsbasare, um aus dem Erl\u00f6s Schulprojekte zu finanzieren. Zum Ende jeden Schuljahres veranstalten die 4. Klassen einen Flohmarkt.<\/p>\n\n\n\n<p>Unser Schulverein <em>\u201eFreunde und F\u00f6rderer der Grundschule Am M\u00f6nchshof e.V.\u201c<\/em> hilft uns, verschiedene p\u00e4dagogisch w\u00fcnschenswerte Projekte zu finanzieren. Den Flyer, eine Beitrittserkl\u00e4rung sowie eine kurze Darstellung des Schulvereins,  finden sie <a href=\"https:\/\/schule-am-moenchshof.de\/?page_id=26\">hier <\/a>auf unserer Homepage.<\/p>\n\n\n\n<h3 class=\"wp-block-heading\">Die Schule und &#8222;ihr&#8220; Stadtteil<\/h3>\n\n\n\n<p>Unsere Schule ist mittendrin und offen zum Stadtteil und h\u00e4lt Kontakte u. a. zur Polizei, zur Feuerwehr, den Kinderg\u00e4rten, zu Kirchen und Vereinen. Wir arbeiten gern mit anderen Schulen zusammen, organisieren Tagesprojekte und bieten Sch\u00fcler:innen die M\u00f6glichkeit eines Praktikums (z.B. mit der Schule f\u00fcr Erzieher:innen). Wir bilden Referendar:innen aus und bieten Lehramtsstudent:innen in verschiedenen Praktika qualifizierte Beratung an. Praktikant:innen, Student:innen und Referendar:innen werden von unseren Sch\u00fcler:innen meist begeistert aufgenommen \u2013 neue Menschen bringen neue Ideen und bereichern das Miteinander!<\/p>\n\n\n\n<div class=\"wp-block-media-text alignwide has-media-on-the-right is-stacked-on-mobile has-very-light-gray-background-color has-background\" style=\"grid-template-columns:auto 33%\"><figure class=\"wp-block-media-text__media\"><img loading=\"lazy\" decoding=\"async\" width=\"1024\" height=\"768\" src=\"https:\/\/schule-am-moenchshof.de\/wp-content\/uploads\/2019\/06\/DSC00466-001-1024x768.jpg\" alt=\"\" class=\"wp-image-62 size-full\" srcset=\"https:\/\/schule-am-moenchshof.de\/wp-content\/uploads\/2019\/06\/DSC00466-001-1024x768.jpg 1024w, https:\/\/schule-am-moenchshof.de\/wp-content\/uploads\/2019\/06\/DSC00466-001-300x225.jpg 300w, https:\/\/schule-am-moenchshof.de\/wp-content\/uploads\/2019\/06\/DSC00466-001-768x576.jpg 768w, https:\/\/schule-am-moenchshof.de\/wp-content\/uploads\/2019\/06\/DSC00466-001.jpg 1858w\" sizes=\"auto, (max-width: 1024px) 100vw, 1024px\" \/><\/figure><div class=\"wp-block-media-text__content\">\n<p class=\"has-drop-cap has-text-align-right\">Das Angebot der direkt nebenan liegenden Stadtbibliothek wird von den Kindern und von den Lehrkr\u00e4ften rege in Anspruch genommen. Sei es um die tempor\u00e4re B\u00fccherkiste der Klassen zu f\u00fcllen oder um themenbasierte  Literatur f\u00fcr den Unterricht zu leihen. Sehr beliebt sind bei den  Kindern auch die Bilderbuchkinos. <\/p>\n<\/div><\/div>\n","protected":false},"excerpt":{"rendered":"<p>Sportangebote Wir sind eine Schule mit Sportprofil und erhalten daf\u00fcr zus\u00e4tzliche finanzielle Unterst\u00fctzung. Die 3. Klassen fahren einmal in der Woche zum Schwimmunterricht ins Hallenbad Vegesack. F\u00fcr Bewegungsspiele gibt es Spielzeug von der Initiative \u201eFit for Fun\u201c von AOL. Einmal im Jahr organisieren wir in Zusammenarbeit mit der LG Nord und mit Unterst\u00fctzung der Eltern den Schulmehrkampf &#8222;Pellens Park&#8220; als Alternative zu den Bundesjugendspielen f\u00fcr alle Klassen. Alle Kinder werden ermuntert, ein Sportabzeichen zu erwerben. Ausstattung Wir haben einen gut ausgestatteten Multimediaraum mit Internetzugang, damit Ihre Kinder fr\u00fchestm\u00f6glich die neuen Medien nicht nur als Spielger\u00e4t kennen und nutzen lernen. In den meisten Klassen steht ebenfalls ein PC, damit die Kinder im Rahmen des Wochenplans und der freien Arbeit gezielt daran arbeiten k\u00f6nnen. Damit die Kinder in den Unterrichtspausen ansprechende Spielr\u00e4ume vorfinden, hat unsere Schulhofgruppe (eine Initiative von Eltern und Lehrer:innen) zusammen mit den Kindern einen attraktiven Schulhof geplant und gestaltet.&hellip;<\/p>\n<p> <a class=\"more-link\" href=\"https:\/\/schule-am-moenchshof.de\/?page_id=17\">Weiterlesen<\/a><\/p>\n","protected":false},"author":1,"featured_media":0,"parent":16,"menu_order":0,"comment_status":"closed","ping_status":"closed","template":"","meta":{"footnotes":""},"class_list":["post-17","page","type-page","status-publish"],"_links":{"self":[{"href":"https:\/\/schule-am-moenchshof.de\/index.php?rest_route=\/wp\/v2\/pages\/17","targetHints":{"allow":["GET"]}}],"collection":[{"href":"https:\/\/schule-am-moenchshof.de\/index.php?rest_route=\/wp\/v2\/pages"}],"about":[{"href":"https:\/\/schule-am-moenchshof.de\/index.php?rest_route=\/wp\/v2\/types\/page"}],"author":[{"embeddable":true,"href":"https:\/\/schule-am-moenchshof.de\/index.php?rest_route=\/wp\/v2\/users\/1"}],"replies":[{"embeddable":true,"href":"https:\/\/schule-am-moenchshof.de\/index.php?rest_route=%2Fwp%2Fv2%2Fcomments&post=17"}],"version-history":[{"count":8,"href":"https:\/\/schule-am-moenchshof.de\/index.php?rest_route=\/wp\/v2\/pages\/17\/revisions"}],"predecessor-version":[{"id":309,"href":"https:\/\/schule-am-moenchshof.de\/index.php?rest_route=\/wp\/v2\/pages\/17\/revisions\/309"}],"up":[{"embeddable":true,"href":"https:\/\/schule-am-moenchshof.de\/index.php?rest_route=\/wp\/v2\/pages\/16"}],"wp:attachment":[{"href":"https:\/\/schule-am-moenchshof.de\/index.php?rest_route=%2Fwp%2Fv2%2Fmedia&parent=17"}],"curies":[{"name":"wp","href":"https:\/\/api.w.org\/{rel}","templated":true}]}}