{"id":10,"date":"2019-06-03T20:16:03","date_gmt":"2019-06-03T20:16:03","guid":{"rendered":"http:\/\/schule-am-moenchshof.de\/?page_id=10"},"modified":"2019-08-10T11:15:55","modified_gmt":"2019-08-10T11:15:55","slug":"startseite","status":"publish","type":"page","link":"https:\/\/schule-am-moenchshof.de\/","title":{"rendered":"Start"},"content":{"rendered":"\n<h3 class=\"wp-block-heading\">Grundschule Am M\u00f6nchshof<\/h3>\n\n\n\n<div class=\"wp-block-media-text alignwide\" style=\"background-color:#779fa7;grid-template-columns:45% auto\"><figure class=\"wp-block-media-text__media\"><img loading=\"lazy\" decoding=\"async\" width=\"1024\" height=\"774\" src=\"https:\/\/schule-am-moenchshof.de\/wp-content\/uploads\/2019\/06\/boy-child-childhood-207653-1024x774.jpg\" alt=\"\" class=\"wp-image-88\" srcset=\"https:\/\/schule-am-moenchshof.de\/wp-content\/uploads\/2019\/06\/boy-child-childhood-207653-1024x774.jpg 1024w, https:\/\/schule-am-moenchshof.de\/wp-content\/uploads\/2019\/06\/boy-child-childhood-207653-300x227.jpg 300w, https:\/\/schule-am-moenchshof.de\/wp-content\/uploads\/2019\/06\/boy-child-childhood-207653-768x581.jpg 768w\" sizes=\"auto, (max-width: 1024px) 100vw, 1024px\" \/><\/figure><div class=\"wp-block-media-text__content\">\n<p style=\"color:#ffffff;text-align:left\" class=\"has-text-color has-drop-cap\">Herzlich willkommen! <br><br>Unsere Schule ist ein Ort, an dem viele Menschen zusammenkommen.  Wir wollen, dass sich jede und jeder wohlf\u00fchlen kann. Das Motto unserer Schule <strong>miteinander-f\u00fcreinander<\/strong> machen wir daher jeden Tag erlebbar. Wir sch\u00e4tzen den gegenseitigen Respekt und r\u00fccksichtsvollen Umgang miteinander als Voraussetzung f\u00fcr ein gutes Lernklima. <\/p>\n<\/div><\/div>\n","protected":false},"excerpt":{"rendered":"<p>Grundschule Am M\u00f6nchshof Herzlich willkommen! Unsere Schule ist ein Ort, an dem viele Menschen zusammenkommen. Wir wollen, dass sich jede und jeder wohlf\u00fchlen kann. Das Motto unserer Schule miteinander-f\u00fcreinander machen wir daher jeden Tag erlebbar. Wir sch\u00e4tzen den gegenseitigen Respekt und r\u00fccksichtsvollen Umgang miteinander als Voraussetzung f\u00fcr ein gutes Lernklima.<\/p>\n","protected":false},"author":1,"featured_media":0,"parent":0,"menu_order":0,"comment_status":"closed","ping_status":"closed","template":"","meta":{"footnotes":""},"class_list":["post-10","page","type-page","status-publish"],"_links":{"self":[{"href":"https:\/\/schule-am-moenchshof.de\/index.php?rest_route=\/wp\/v2\/pages\/10","targetHints":{"allow":["GET"]}}],"collection":[{"href":"https:\/\/schule-am-moenchshof.de\/index.php?rest_route=\/wp\/v2\/pages"}],"about":[{"href":"https:\/\/schule-am-moenchshof.de\/index.php?rest_route=\/wp\/v2\/types\/page"}],"author":[{"embeddable":true,"href":"https:\/\/schule-am-moenchshof.de\/index.php?rest_route=\/wp\/v2\/users\/1"}],"replies":[{"embeddable":true,"href":"https:\/\/schule-am-moenchshof.de\/index.php?rest_route=%2Fwp%2Fv2%2Fcomments&post=10"}],"version-history":[{"count":14,"href":"https:\/\/schule-am-moenchshof.de\/index.php?rest_route=\/wp\/v2\/pages\/10\/revisions"}],"predecessor-version":[{"id":185,"href":"https:\/\/schule-am-moenchshof.de\/index.php?rest_route=\/wp\/v2\/pages\/10\/revisions\/185"}],"wp:attachment":[{"href":"https:\/\/schule-am-moenchshof.de\/index.php?rest_route=%2Fwp%2Fv2%2Fmedia&parent=10"}],"curies":[{"name":"wp","href":"https:\/\/api.w.org\/{rel}","templated":true}]}}